{"id":1729,"date":"2015-06-19T09:27:09","date_gmt":"2015-06-19T09:27:09","guid":{"rendered":"http:\/\/www.cdencuentro.org\/idus\/?post_type=product&#038;p=1729"},"modified":"2016-03-10T00:05:25","modified_gmt":"2016-03-10T00:05:25","slug":"bote-portalapices-de-ceramica","status":"publish","type":"product","link":"https:\/\/www.cdencuentro.org\/idus\/shop\/ceramica\/lapiceros\/bote-portalapices-de-ceramica\/","title":{"rendered":"Bote portal\u00e1pices de cer\u00e1mica"},"content":{"rendered":"<p>Bote de cer\u00e1mica modelado y pintado a mano con esmaltes.<\/p>\n<p>En tonos verdes y azulados con efectos marinos.<\/p>\n","protected":false},"excerpt":{"rendered":"<p><a href=\"http:\/\/www.cdencuentro.org\/idus\/wp-content\/uploads\/2015\/06\/20150618_153517.jpg\"><img decoding=\"async\" loading=\"lazy\" class=\"alignnone wp-image-1730 size-medium\" src=\"http:\/\/www.cdencuentro.org\/idus\/wp-content\/uploads\/2015\/06\/20150618_153517-e1434705605211-180x300.jpg\" alt=\"20150618_153517\" width=\"180\" height=\"300\" srcset=\"https:\/\/www.cdencuentro.org\/idus\/wp-content\/uploads\/2015\/06\/20150618_153517-e1434705605211-180x300.jpg 180w, https:\/\/www.cdencuentro.org\/idus\/wp-content\/uploads\/2015\/06\/20150618_153517-e1434705605211-500x833.jpg 500w, https:\/\/www.cdencuentro.org\/idus\/wp-content\/uploads\/2015\/06\/20150618_153517-e1434705605211-766x1277.jpg 766w, https:\/\/www.cdencuentro.org\/idus\/wp-content\/uploads\/2015\/06\/20150618_153517-e1434705605211-614x1024.jpg 614w, https:\/\/www.cdencuentro.org\/idus\/wp-content\/uploads\/2015\/06\/20150618_153517-e1434705605211-90x150.jpg 90w, https:\/\/www.cdencuentro.org\/idus\/wp-content\/uploads\/2015\/06\/20150618_153517-e1434705605211-770x1283.jpg 770w, https:\/\/www.cdencuentro.org\/idus\/wp-content\/uploads\/2015\/06\/20150618_153517-e1434705605211.jpg 1536w\" sizes=\"(max-width: 180px) 100vw, 180px\" \/><\/a><\/p>\n","protected":false},"featured_media":1360,"comment_status":"open","ping_status":"closed","template":"","meta":[],"product_cat":[128],"product_tag":[126],"_links":{"self":[{"href":"https:\/\/www.cdencuentro.org\/idus\/wp-json\/wp\/v2\/product\/1729"}],"collection":[{"href":"https:\/\/www.cdencuentro.org\/idus\/wp-json\/wp\/v2\/product"}],"about":[{"href":"https:\/\/www.cdencuentro.org\/idus\/wp-json\/wp\/v2\/types\/product"}],"replies":[{"embeddable":true,"href":"https:\/\/www.cdencuentro.org\/idus\/wp-json\/wp\/v2\/comments?post=1729"}],"wp:featuredmedia":[{"embeddable":true,"href":"https:\/\/www.cdencuentro.org\/idus\/wp-json\/wp\/v2\/media\/1360"}],"wp:attachment":[{"href":"https:\/\/www.cdencuentro.org\/idus\/wp-json\/wp\/v2\/media?parent=1729"}],"wp:term":[{"taxonomy":"product_cat","embeddable":true,"href":"https:\/\/www.cdencuentro.org\/idus\/wp-json\/wp\/v2\/product_cat?post=1729"},{"taxonomy":"product_tag","embeddable":true,"href":"https:\/\/www.cdencuentro.org\/idus\/wp-json\/wp\/v2\/product_tag?post=1729"}],"curies":[{"name":"wp","href":"https:\/\/api.w.org\/{rel}","templated":true}]}}