{"id":1734,"date":"2015-06-22T07:30:53","date_gmt":"2015-06-22T07:30:53","guid":{"rendered":"http:\/\/www.cdencuentro.org\/idus\/?post_type=product&#038;p=1734"},"modified":"2015-06-22T07:33:26","modified_gmt":"2015-06-22T07:33:26","slug":"1734","status":"publish","type":"product","link":"https:\/\/www.cdencuentro.org\/idus\/shop\/artesania\/1734\/","title":{"rendered":"Detalles artesanales con encanto para bodas"},"content":{"rendered":"<p>En el taller ocupacional de artesan\u00eda de El Encuentro realizamos detalles personalizados, \u00fanicos e irrepetibles, que adem\u00e1s de darle un toque de arte a tu evento permite hacer una labor solidaria gracias a las becas que podemos dar con tu aportaci\u00f3n a las personas que trabajan en el taller.<\/p>\n","protected":false},"excerpt":{"rendered":"<p>En el taller ocupacional de artesan\u00eda de El Encuentro realizamos detalles personalizados, \u00fanicos e irrepetibles, que adem\u00e1s de darle un toque de arte a tu evento permite hacer una labor solidaria gracias a las becas que podemos dar con tu aportaci\u00f3n a las personas que trabajan en el taller.<\/p>\n","protected":false},"featured_media":1737,"comment_status":"open","ping_status":"closed","template":"","meta":[],"product_cat":[91],"product_tag":[],"_links":{"self":[{"href":"https:\/\/www.cdencuentro.org\/idus\/wp-json\/wp\/v2\/product\/1734"}],"collection":[{"href":"https:\/\/www.cdencuentro.org\/idus\/wp-json\/wp\/v2\/product"}],"about":[{"href":"https:\/\/www.cdencuentro.org\/idus\/wp-json\/wp\/v2\/types\/product"}],"replies":[{"embeddable":true,"href":"https:\/\/www.cdencuentro.org\/idus\/wp-json\/wp\/v2\/comments?post=1734"}],"wp:featuredmedia":[{"embeddable":true,"href":"https:\/\/www.cdencuentro.org\/idus\/wp-json\/wp\/v2\/media\/1737"}],"wp:attachment":[{"href":"https:\/\/www.cdencuentro.org\/idus\/wp-json\/wp\/v2\/media?parent=1734"}],"wp:term":[{"taxonomy":"product_cat","embeddable":true,"href":"https:\/\/www.cdencuentro.org\/idus\/wp-json\/wp\/v2\/product_cat?post=1734"},{"taxonomy":"product_tag","embeddable":true,"href":"https:\/\/www.cdencuentro.org\/idus\/wp-json\/wp\/v2\/product_tag?post=1734"}],"curies":[{"name":"wp","href":"https:\/\/api.w.org\/{rel}","templated":true}]}}