{"id":2437,"date":"2016-03-23T11:45:03","date_gmt":"2016-03-23T11:45:03","guid":{"rendered":"http:\/\/www.cdencuentro.org\/idus\/?post_type=product&#038;p=2437"},"modified":"2016-03-23T11:51:28","modified_gmt":"2016-03-23T11:51:28","slug":"murales-de-gran-tamano-por-encargo","status":"publish","type":"product","link":"https:\/\/www.cdencuentro.org\/idus\/shop\/ceramica\/murales-de-gran-tamano-por-encargo\/","title":{"rendered":"Murales de gran tama\u00f1o por encargo"},"content":{"rendered":"<p><a href=\"http:\/\/www.cdencuentro.org\/idus\/wp-content\/uploads\/2016\/03\/20160315_110701.jpg\" rel=\"prettyphoto[2437]\" rel=\"attachment wp-att-2436\"><img decoding=\"async\" loading=\"lazy\" class=\"alignnone size-medium wp-image-2436\" src=\"http:\/\/www.cdencuentro.org\/idus\/wp-content\/uploads\/2016\/03\/20160315_110701-252x300.jpg\" alt=\"20160315_110701\" width=\"252\" height=\"300\" srcset=\"https:\/\/www.cdencuentro.org\/idus\/wp-content\/uploads\/2016\/03\/20160315_110701-252x300.jpg 252w, https:\/\/www.cdencuentro.org\/idus\/wp-content\/uploads\/2016\/03\/20160315_110701-500x595.jpg 500w, https:\/\/www.cdencuentro.org\/idus\/wp-content\/uploads\/2016\/03\/20160315_110701-766x911.jpg 766w, https:\/\/www.cdencuentro.org\/idus\/wp-content\/uploads\/2016\/03\/20160315_110701-768x914.jpg 768w, https:\/\/www.cdencuentro.org\/idus\/wp-content\/uploads\/2016\/03\/20160315_110701-861x1024.jpg 861w, https:\/\/www.cdencuentro.org\/idus\/wp-content\/uploads\/2016\/03\/20160315_110701-126x150.jpg 126w, https:\/\/www.cdencuentro.org\/idus\/wp-content\/uploads\/2016\/03\/20160315_110701-770x916.jpg 770w, https:\/\/www.cdencuentro.org\/idus\/wp-content\/uploads\/2016\/03\/20160315_110701.jpg 1253w\" sizes=\"(max-width: 252px) 100vw, 252px\" \/><\/a><\/p>\n","protected":false},"excerpt":{"rendered":"<p>Murales cer\u00e1micos realizados a mano sobre encargo. Se pueden traer fotos , dibujos o cuadros y nosotros elaboramos el mural en el tama\u00f1o que se desee. Puede colocarse como decoraci\u00f3n en entradas de casas, en locales, &#8230;<\/p>\n<p>Se puede realizar sobre baldosa o con relieve. El precio var\u00eda seg\u00fan el tama\u00f1o y la dificultad del dise\u00f1o.<\/p>\n","protected":false},"featured_media":2436,"comment_status":"open","ping_status":"closed","template":"","meta":[],"product_cat":[138],"product_tag":[],"_links":{"self":[{"href":"https:\/\/www.cdencuentro.org\/idus\/wp-json\/wp\/v2\/product\/2437"}],"collection":[{"href":"https:\/\/www.cdencuentro.org\/idus\/wp-json\/wp\/v2\/product"}],"about":[{"href":"https:\/\/www.cdencuentro.org\/idus\/wp-json\/wp\/v2\/types\/product"}],"replies":[{"embeddable":true,"href":"https:\/\/www.cdencuentro.org\/idus\/wp-json\/wp\/v2\/comments?post=2437"}],"wp:featuredmedia":[{"embeddable":true,"href":"https:\/\/www.cdencuentro.org\/idus\/wp-json\/wp\/v2\/media\/2436"}],"wp:attachment":[{"href":"https:\/\/www.cdencuentro.org\/idus\/wp-json\/wp\/v2\/media?parent=2437"}],"wp:term":[{"taxonomy":"product_cat","embeddable":true,"href":"https:\/\/www.cdencuentro.org\/idus\/wp-json\/wp\/v2\/product_cat?post=2437"},{"taxonomy":"product_tag","embeddable":true,"href":"https:\/\/www.cdencuentro.org\/idus\/wp-json\/wp\/v2\/product_tag?post=2437"}],"curies":[{"name":"wp","href":"https:\/\/api.w.org\/{rel}","templated":true}]}}