{"id":2441,"date":"2016-03-23T12:03:04","date_gmt":"2016-03-23T12:03:04","guid":{"rendered":"http:\/\/www.cdencuentro.org\/idus\/?post_type=product&#038;p=2441"},"modified":"2016-03-23T12:03:04","modified_gmt":"2016-03-23T12:03:04","slug":"regalos-para-recien-nacidos","status":"publish","type":"product","link":"https:\/\/www.cdencuentro.org\/idus\/shop\/sin-categoria\/regalos-para-recien-nacidos\/","title":{"rendered":"Regalos para reci\u00e9n nacidos"},"content":{"rendered":"","protected":false},"excerpt":{"rendered":"<p>Una buen\u00edsima idea para regalar en la primera visita al nuevo beb\u00e9. Son cestas personalizadas que pueden incluir varias cosas: bodys, zapatitos a juego, mu\u00f1equitos,&#8230; Con su nombre, o un dibujo elegido para cada persona.<\/p>\n","protected":false},"featured_media":2442,"comment_status":"open","ping_status":"closed","template":"","meta":[],"product_cat":[216],"product_tag":[],"_links":{"self":[{"href":"https:\/\/www.cdencuentro.org\/idus\/wp-json\/wp\/v2\/product\/2441"}],"collection":[{"href":"https:\/\/www.cdencuentro.org\/idus\/wp-json\/wp\/v2\/product"}],"about":[{"href":"https:\/\/www.cdencuentro.org\/idus\/wp-json\/wp\/v2\/types\/product"}],"replies":[{"embeddable":true,"href":"https:\/\/www.cdencuentro.org\/idus\/wp-json\/wp\/v2\/comments?post=2441"}],"wp:featuredmedia":[{"embeddable":true,"href":"https:\/\/www.cdencuentro.org\/idus\/wp-json\/wp\/v2\/media\/2442"}],"wp:attachment":[{"href":"https:\/\/www.cdencuentro.org\/idus\/wp-json\/wp\/v2\/media?parent=2441"}],"wp:term":[{"taxonomy":"product_cat","embeddable":true,"href":"https:\/\/www.cdencuentro.org\/idus\/wp-json\/wp\/v2\/product_cat?post=2441"},{"taxonomy":"product_tag","embeddable":true,"href":"https:\/\/www.cdencuentro.org\/idus\/wp-json\/wp\/v2\/product_tag?post=2441"}],"curies":[{"name":"wp","href":"https:\/\/api.w.org\/{rel}","templated":true}]}}