{"id":255,"date":"2013-11-10T20:45:09","date_gmt":"2013-11-10T20:45:09","guid":{"rendered":"http:\/\/elite-themes.com\/lynx\/?post_type=product&#038;p=255"},"modified":"2015-04-15T21:19:35","modified_gmt":"2015-04-15T21:19:35","slug":"zirconia-ring","status":"publish","type":"product","link":"https:\/\/www.cdencuentro.org\/idus\/shop\/artesania\/zirconia-ring\/","title":{"rendered":"Regalos de Boda Solidarios"},"content":{"rendered":"<p>EL Centro de Dia El encuentro para personas sin hogar y enfermedad mental grave tiene un taller de artesan\u00eda en el que los usuarios, adem\u00e1s de llevar a cabo una labor rehabilitadora de sus funcionalidades creativas y laborales, reciben peque\u00f1as becas por los productos que ellos mismos hacen. ingresos muy modestos que sin embargo ellos aprecian por sentirse \u00fatiles y para fines de subsistencia.<\/p>\n<p>Si quieres darnos la ocasi\u00f3n de compartir tu alegr\u00eda con nosotros nos puedes encargar alguna detalle de boda (cer\u00e1mica, camisetas, recordatorios) hechos a mano.<\/p>\n<p>Si quieres colaborar escribe a Rakel &lt;cdencuentro@gmail.com&gt;\u00a0 o vis\u00edtanos en la Fundaci\u00f3n La Caridad, de Zaragoza, c\/Moret n\u00ba 4 de zaragoza.<\/p>\n","protected":false},"excerpt":{"rendered":"<p>Camisetas para despedidas de solteros\u00a0 personalizados<\/p>\n<p>Objetos de Cer\u00e1mica personalizados<\/p>\n<p>Objetos decorativos de regalo<\/p>\n","protected":false},"featured_media":1290,"comment_status":"open","ping_status":"closed","template":"","meta":[],"product_cat":[91],"product_tag":[115,83],"_links":{"self":[{"href":"https:\/\/www.cdencuentro.org\/idus\/wp-json\/wp\/v2\/product\/255"}],"collection":[{"href":"https:\/\/www.cdencuentro.org\/idus\/wp-json\/wp\/v2\/product"}],"about":[{"href":"https:\/\/www.cdencuentro.org\/idus\/wp-json\/wp\/v2\/types\/product"}],"replies":[{"embeddable":true,"href":"https:\/\/www.cdencuentro.org\/idus\/wp-json\/wp\/v2\/comments?post=255"}],"wp:featuredmedia":[{"embeddable":true,"href":"https:\/\/www.cdencuentro.org\/idus\/wp-json\/wp\/v2\/media\/1290"}],"wp:attachment":[{"href":"https:\/\/www.cdencuentro.org\/idus\/wp-json\/wp\/v2\/media?parent=255"}],"wp:term":[{"taxonomy":"product_cat","embeddable":true,"href":"https:\/\/www.cdencuentro.org\/idus\/wp-json\/wp\/v2\/product_cat?post=255"},{"taxonomy":"product_tag","embeddable":true,"href":"https:\/\/www.cdencuentro.org\/idus\/wp-json\/wp\/v2\/product_tag?post=255"}],"curies":[{"name":"wp","href":"https:\/\/api.w.org\/{rel}","templated":true}]}}